{"id":8047,"date":"2023-07-03T15:52:25","date_gmt":"2023-08-02T15:38:05","guid":{"rendered":"https:\/\/familysol.com\/producto\/llukitas-fabric-doll-tutorial\/"},"modified":"2023-08-03T07:06:48","modified_gmt":"2023-08-03T07:06:48","slug":"llukitas-fabric-doll-tutorial","status":"publish","type":"product","link":"https:\/\/familysol.com\/en\/producto\/llukitas-fabric-doll-tutorial\/","title":{"rendered":"Llukitas &#8211; Fabric Doll Tutorial"},"content":{"rendered":"<p>Would you like to learn how to make a cute fabric doll? With this complete tutorial you will learn step by step how to make a beautiful fabric doll and its toy bunny in a very easy and fun way. The tutorial includes a pdf with the step-by-step of the doll and the bunny and their corresponding patterns. It does not include the materials, which can be obtained <a href=\"https:\/\/familysol.com\/producto\/llukitas-kit-muneca-de-tela\/\" target=\"_blank\" rel=\"noopener\">by buying the kit.<\/a>   <\/p>\n","protected":false},"excerpt":{"rendered":"<p>Would you like to learn how to make a cute fabric doll? With this complete tutorial you will learn step by step how to make a beautiful fabric doll and its toy bunny in a very easy and fun way. The tutorial includes a pdf with the step-by-step of the doll and the bunny and their corresponding patterns. It does not include the materials, which can be obtained <a href=\"https:\/\/familysol.com\/producto\/llukitas-kit-muneca-de-tela\/\" target=\"_blank\" rel=\"noopener\">by buying the kit.<\/a>  <\/p>\n","protected":false},"featured_media":8038,"comment_status":"open","ping_status":"closed","template":"","meta":{"_et_pb_use_builder":"","_et_pb_old_content":"","_et_gb_content_width":"","_joinchat":[]},"product_brand":[],"product_cat":[787],"product_tag":[791,790,792],"class_list":{"0":"post-8047","1":"product","2":"type-product","3":"status-publish","4":"has-post-thumbnail","6":"product_cat-munecas-llukitas-en","7":"product_tag-doll","8":"product_tag-llukitas-en","9":"product_tag-tutorial-en","11":"first","12":"instock","13":"sale","14":"downloadable","15":"virtual","16":"taxable","17":"purchasable","18":"product-type-simple"},"yoast_head":"<!-- This site is optimized with the Yoast SEO plugin v27.1.1 - https:\/\/yoast.com\/product\/yoast-seo-wordpress\/ -->\n<title>Llukitas - Fabric Doll Tutorial | Familysol<\/title>\n<meta name=\"description\" content=\"Complete step-by-step tutorial to learn how to make a beautiful fabric doll and her toy bunny in a very easy and fun way.\" \/>\n<meta name=\"robots\" content=\"index, follow, max-snippet:-1, max-image-preview:large, max-video-preview:-1\" \/>\n<link rel=\"canonical\" href=\"https:\/\/familysol.com\/en\/producto\/llukitas-fabric-doll-tutorial\/\" \/>\n<meta property=\"og:locale\" content=\"en_US\" \/>\n<meta property=\"og:type\" content=\"article\" \/>\n<meta property=\"og:title\" content=\"Llukitas - Fabric Doll Tutorial | Familysol\" \/>\n<meta property=\"og:description\" content=\"Complete step-by-step tutorial to learn how to make a beautiful fabric doll and her toy bunny in a very easy and fun way.\" \/>\n<meta property=\"og:url\" content=\"https:\/\/familysol.com\/en\/producto\/llukitas-fabric-doll-tutorial\/\" \/>\n<meta property=\"og:site_name\" content=\"Familysol\" \/>\n<meta property=\"article:publisher\" content=\"https:\/\/www.facebook.com\/familysol.experiences\/\" \/>\n<meta property=\"article:modified_time\" content=\"2023-08-03T07:06:48+00:00\" \/>\n<meta property=\"og:image\" content=\"https:\/\/familysol.com\/wp-content\/uploads\/2023\/07\/collage-muneca-tela-pdf-esp-Llukita-Familysol.jpg\" \/>\n\t<meta property=\"og:image:width\" content=\"2000\" \/>\n\t<meta property=\"og:image:height\" content=\"1600\" \/>\n\t<meta property=\"og:image:type\" content=\"image\/jpeg\" \/>\n<meta name=\"twitter:card\" content=\"summary_large_image\" \/>\n<meta name=\"twitter:site\" content=\"@Familysol_\" \/>\n<meta name=\"twitter:label1\" content=\"Est. reading time\" \/>\n\t<meta name=\"twitter:data1\" content=\"1 minute\" \/>\n<script type=\"application\/ld+json\" class=\"yoast-schema-graph\">{\"@context\":\"https:\/\/schema.org\",\"@graph\":[{\"@type\":\"WebPage\",\"@id\":\"https:\/\/familysol.com\/en\/producto\/llukitas-fabric-doll-tutorial\/\",\"url\":\"https:\/\/familysol.com\/en\/producto\/llukitas-fabric-doll-tutorial\/\",\"name\":\"Llukitas - Fabric Doll Tutorial | Familysol\",\"isPartOf\":{\"@id\":\"https:\/\/familysol.com\/en\/#website\"},\"primaryImageOfPage\":{\"@id\":\"https:\/\/familysol.com\/en\/producto\/llukitas-fabric-doll-tutorial\/#primaryimage\"},\"image\":{\"@id\":\"https:\/\/familysol.com\/en\/producto\/llukitas-fabric-doll-tutorial\/#primaryimage\"},\"thumbnailUrl\":\"https:\/\/familysol.com\/wp-content\/uploads\/2023\/07\/collage-muneca-tela-pdf-esp-Llukita-Familysol.jpg\",\"datePublished\":\"2023-08-02T15:38:05+00:00\",\"dateModified\":\"2023-08-03T07:06:48+00:00\",\"description\":\"Complete step-by-step tutorial to learn how to make a beautiful fabric doll and her toy bunny in a very easy and fun way.\",\"breadcrumb\":{\"@id\":\"https:\/\/familysol.com\/en\/producto\/llukitas-fabric-doll-tutorial\/#breadcrumb\"},\"inLanguage\":\"en-US\",\"potentialAction\":[{\"@type\":\"ReadAction\",\"target\":[\"https:\/\/familysol.com\/en\/producto\/llukitas-fabric-doll-tutorial\/\"]}]},{\"@type\":\"ImageObject\",\"inLanguage\":\"en-US\",\"@id\":\"https:\/\/familysol.com\/en\/producto\/llukitas-fabric-doll-tutorial\/#primaryimage\",\"url\":\"https:\/\/familysol.com\/wp-content\/uploads\/2023\/07\/collage-muneca-tela-pdf-esp-Llukita-Familysol.jpg\",\"contentUrl\":\"https:\/\/familysol.com\/wp-content\/uploads\/2023\/07\/collage-muneca-tela-pdf-esp-Llukita-Familysol.jpg\",\"width\":2000,\"height\":1600,\"caption\":\"Composici\u00f3n de fotograf\u00edas para ense\u00f1ar el contenido del tutorial\"},{\"@type\":\"BreadcrumbList\",\"@id\":\"https:\/\/familysol.com\/en\/producto\/llukitas-fabric-doll-tutorial\/#breadcrumb\",\"itemListElement\":[{\"@type\":\"ListItem\",\"position\":1,\"name\":\"Portada\",\"item\":\"https:\/\/familysol.com\/en\/home\/\"},{\"@type\":\"ListItem\",\"position\":2,\"name\":\"Shop\",\"item\":\"https:\/\/familysol.com\/en\/shop\/\"},{\"@type\":\"ListItem\",\"position\":3,\"name\":\"Llukitas &#8211; Fabric Doll Tutorial\"}]},{\"@type\":\"WebSite\",\"@id\":\"https:\/\/familysol.com\/en\/#website\",\"url\":\"https:\/\/familysol.com\/en\/\",\"name\":\"Familysol\",\"description\":\"Las mejores experiencias en familia en Andaluc\u00eda\",\"publisher\":{\"@id\":\"https:\/\/familysol.com\/en\/#organization\"},\"potentialAction\":[{\"@type\":\"SearchAction\",\"target\":{\"@type\":\"EntryPoint\",\"urlTemplate\":\"https:\/\/familysol.com\/en\/?s={search_term_string}\"},\"query-input\":{\"@type\":\"PropertyValueSpecification\",\"valueRequired\":true,\"valueName\":\"search_term_string\"}}],\"inLanguage\":\"en-US\"},{\"@type\":\"Organization\",\"@id\":\"https:\/\/familysol.com\/en\/#organization\",\"name\":\"Familysol\",\"url\":\"https:\/\/familysol.com\/en\/\",\"logo\":{\"@type\":\"ImageObject\",\"inLanguage\":\"en-US\",\"@id\":\"https:\/\/familysol.com\/en\/#\/schema\/logo\/image\/\",\"url\":\"https:\/\/i0.wp.com\/familysol.com\/wp-content\/uploads\/2021\/01\/logo-familysol-header.png?fit=820%2C261&ssl=1\",\"contentUrl\":\"https:\/\/i0.wp.com\/familysol.com\/wp-content\/uploads\/2021\/01\/logo-familysol-header.png?fit=820%2C261&ssl=1\",\"width\":820,\"height\":261,\"caption\":\"Familysol\"},\"image\":{\"@id\":\"https:\/\/familysol.com\/en\/#\/schema\/logo\/image\/\"},\"sameAs\":[\"https:\/\/www.facebook.com\/familysol.experiences\/\",\"https:\/\/x.com\/Familysol_\",\"https:\/\/www.instagram.com\/familysol.experiences\/\",\"https:\/\/www.youtube.com\/channel\/UCOs8ACLAF9IKxVrdgIgknkg\"]}]}<\/script>\n<!-- \/ Yoast SEO plugin. -->","yoast_head_json":{"title":"Llukitas - Fabric Doll Tutorial | Familysol","description":"Complete step-by-step tutorial to learn how to make a beautiful fabric doll and her toy bunny in a very easy and fun way.","robots":{"index":"index","follow":"follow","max-snippet":"max-snippet:-1","max-image-preview":"max-image-preview:large","max-video-preview":"max-video-preview:-1"},"canonical":"https:\/\/familysol.com\/en\/producto\/llukitas-fabric-doll-tutorial\/","og_locale":"en_US","og_type":"article","og_title":"Llukitas - Fabric Doll Tutorial | Familysol","og_description":"Complete step-by-step tutorial to learn how to make a beautiful fabric doll and her toy bunny in a very easy and fun way.","og_url":"https:\/\/familysol.com\/en\/producto\/llukitas-fabric-doll-tutorial\/","og_site_name":"Familysol","article_publisher":"https:\/\/www.facebook.com\/familysol.experiences\/","article_modified_time":"2023-08-03T07:06:48+00:00","og_image":[{"width":2000,"height":1600,"url":"https:\/\/familysol.com\/wp-content\/uploads\/2023\/07\/collage-muneca-tela-pdf-esp-Llukita-Familysol.jpg","type":"image\/jpeg"}],"twitter_card":"summary_large_image","twitter_site":"@Familysol_","twitter_misc":{"Est. reading time":"1 minute"},"schema":{"@context":"https:\/\/schema.org","@graph":[{"@type":"WebPage","@id":"https:\/\/familysol.com\/en\/producto\/llukitas-fabric-doll-tutorial\/","url":"https:\/\/familysol.com\/en\/producto\/llukitas-fabric-doll-tutorial\/","name":"Llukitas - Fabric Doll Tutorial | Familysol","isPartOf":{"@id":"https:\/\/familysol.com\/en\/#website"},"primaryImageOfPage":{"@id":"https:\/\/familysol.com\/en\/producto\/llukitas-fabric-doll-tutorial\/#primaryimage"},"image":{"@id":"https:\/\/familysol.com\/en\/producto\/llukitas-fabric-doll-tutorial\/#primaryimage"},"thumbnailUrl":"https:\/\/familysol.com\/wp-content\/uploads\/2023\/07\/collage-muneca-tela-pdf-esp-Llukita-Familysol.jpg","datePublished":"2023-08-02T15:38:05+00:00","dateModified":"2023-08-03T07:06:48+00:00","description":"Complete step-by-step tutorial to learn how to make a beautiful fabric doll and her toy bunny in a very easy and fun way.","breadcrumb":{"@id":"https:\/\/familysol.com\/en\/producto\/llukitas-fabric-doll-tutorial\/#breadcrumb"},"inLanguage":"en-US","potentialAction":[{"@type":"ReadAction","target":["https:\/\/familysol.com\/en\/producto\/llukitas-fabric-doll-tutorial\/"]}]},{"@type":"ImageObject","inLanguage":"en-US","@id":"https:\/\/familysol.com\/en\/producto\/llukitas-fabric-doll-tutorial\/#primaryimage","url":"https:\/\/familysol.com\/wp-content\/uploads\/2023\/07\/collage-muneca-tela-pdf-esp-Llukita-Familysol.jpg","contentUrl":"https:\/\/familysol.com\/wp-content\/uploads\/2023\/07\/collage-muneca-tela-pdf-esp-Llukita-Familysol.jpg","width":2000,"height":1600,"caption":"Composici\u00f3n de fotograf\u00edas para ense\u00f1ar el contenido del tutorial"},{"@type":"BreadcrumbList","@id":"https:\/\/familysol.com\/en\/producto\/llukitas-fabric-doll-tutorial\/#breadcrumb","itemListElement":[{"@type":"ListItem","position":1,"name":"Portada","item":"https:\/\/familysol.com\/en\/home\/"},{"@type":"ListItem","position":2,"name":"Shop","item":"https:\/\/familysol.com\/en\/shop\/"},{"@type":"ListItem","position":3,"name":"Llukitas &#8211; Fabric Doll Tutorial"}]},{"@type":"WebSite","@id":"https:\/\/familysol.com\/en\/#website","url":"https:\/\/familysol.com\/en\/","name":"Familysol","description":"Las mejores experiencias en familia en Andaluc\u00eda","publisher":{"@id":"https:\/\/familysol.com\/en\/#organization"},"potentialAction":[{"@type":"SearchAction","target":{"@type":"EntryPoint","urlTemplate":"https:\/\/familysol.com\/en\/?s={search_term_string}"},"query-input":{"@type":"PropertyValueSpecification","valueRequired":true,"valueName":"search_term_string"}}],"inLanguage":"en-US"},{"@type":"Organization","@id":"https:\/\/familysol.com\/en\/#organization","name":"Familysol","url":"https:\/\/familysol.com\/en\/","logo":{"@type":"ImageObject","inLanguage":"en-US","@id":"https:\/\/familysol.com\/en\/#\/schema\/logo\/image\/","url":"https:\/\/i0.wp.com\/familysol.com\/wp-content\/uploads\/2021\/01\/logo-familysol-header.png?fit=820%2C261&ssl=1","contentUrl":"https:\/\/i0.wp.com\/familysol.com\/wp-content\/uploads\/2021\/01\/logo-familysol-header.png?fit=820%2C261&ssl=1","width":820,"height":261,"caption":"Familysol"},"image":{"@id":"https:\/\/familysol.com\/en\/#\/schema\/logo\/image\/"},"sameAs":["https:\/\/www.facebook.com\/familysol.experiences\/","https:\/\/x.com\/Familysol_","https:\/\/www.instagram.com\/familysol.experiences\/","https:\/\/www.youtube.com\/channel\/UCOs8ACLAF9IKxVrdgIgknkg"]}]}},"_links":{"self":[{"href":"https:\/\/familysol.com\/en\/wp-json\/wp\/v2\/product\/8047","targetHints":{"allow":["GET"]}}],"collection":[{"href":"https:\/\/familysol.com\/en\/wp-json\/wp\/v2\/product"}],"about":[{"href":"https:\/\/familysol.com\/en\/wp-json\/wp\/v2\/types\/product"}],"replies":[{"embeddable":true,"href":"https:\/\/familysol.com\/en\/wp-json\/wp\/v2\/comments?post=8047"}],"wp:featuredmedia":[{"embeddable":true,"href":"https:\/\/familysol.com\/en\/wp-json\/wp\/v2\/media\/8038"}],"wp:attachment":[{"href":"https:\/\/familysol.com\/en\/wp-json\/wp\/v2\/media?parent=8047"}],"wp:term":[{"taxonomy":"product_brand","embeddable":true,"href":"https:\/\/familysol.com\/en\/wp-json\/wp\/v2\/product_brand?post=8047"},{"taxonomy":"product_cat","embeddable":true,"href":"https:\/\/familysol.com\/en\/wp-json\/wp\/v2\/product_cat?post=8047"},{"taxonomy":"product_tag","embeddable":true,"href":"https:\/\/familysol.com\/en\/wp-json\/wp\/v2\/product_tag?post=8047"}],"curies":[{"name":"wp","href":"https:\/\/api.w.org\/{rel}","templated":true}]}}